{"id":167,"date":"2023-10-12T16:01:03","date_gmt":"2023-10-12T16:01:03","guid":{"rendered":"http:\/\/transparencia2023.unajma.edu.pe\/?page_id=167"},"modified":"2026-04-01T22:36:24","modified_gmt":"2026-04-01T22:36:24","slug":"reglamentos","status":"publish","type":"page","link":"https:\/\/transparencia.unajma.edu.pe\/?page_id=167","title":{"rendered":"REGLAMENTOS"},"content":{"rendered":"\t\t<div data-elementor-type=\"wp-page\" data-elementor-id=\"167\" class=\"elementor elementor-167\">\n\t\t\t\t\t\t\t\t\t<section class=\"elementor-section elementor-top-section elementor-element elementor-element-b33a0e2 elementor-section-boxed elementor-section-height-default elementor-section-height-default\" data-id=\"b33a0e2\" data-element_type=\"section\">\n\t\t\t\t\t\t<div class=\"elementor-container elementor-column-gap-default\">\n\t\t\t\t\t<div class=\"elementor-column elementor-col-100 elementor-top-column elementor-element elementor-element-7da3919\" data-id=\"7da3919\" data-element_type=\"column\">\n\t\t\t<div class=\"elementor-widget-wrap elementor-element-populated\">\n\t\t\t\t\t\t\t\t<div class=\"elementor-element elementor-element-7b17cdd elementor-widget elementor-widget-text-editor\" data-id=\"7b17cdd\" data-element_type=\"widget\" data-widget_type=\"text-editor.default\">\n\t\t\t\t<div class=\"elementor-widget-container\">\n\t\t\t<style>\/*! elementor - v3.6.2 - 04-04-2022 *\/\n.elementor-widget-text-editor.elementor-drop-cap-view-stacked .elementor-drop-cap{background-color:#818a91;color:#fff}.elementor-widget-text-editor.elementor-drop-cap-view-framed .elementor-drop-cap{color:#818a91;border:3px solid;background-color:transparent}.elementor-widget-text-editor:not(.elementor-drop-cap-view-default) .elementor-drop-cap{margin-top:8px}.elementor-widget-text-editor:not(.elementor-drop-cap-view-default) .elementor-drop-cap-letter{width:1em;height:1em}.elementor-widget-text-editor .elementor-drop-cap{float:left;text-align:center;line-height:1;font-size:50px}.elementor-widget-text-editor .elementor-drop-cap-letter{display:inline-block}<\/style>\t\t\t\t<h2 style=\"background-color: #abc6d94d; font-style: normal; font-weight: 200; text-transform: uppercase;\">REGLAMENTOS EMITIDOS POR LA ENTIDAD<\/h2><h1 style=\"text-align: center;\"><strong>RECTORADO<\/strong><\/h1><ul><li style=\"list-style-type: none;\"><ul><li><a href=\"http:\/\/www.unajma.edu.pe\/transparencia\/planeamiento_y_organizacion\/reglamento%20general%20UNAJMA.pdf\">REGLAMENTO GENERAL<\/a><\/li><li style=\"font-size: 13px;\"><a style=\"font-size: 13px;\" href=\"http:\/\/www.unajma.edu.pe\/transparencia\/planeamiento_y_organizacion\/reglamentos\/reglamento-gradostitulos-modificado-2025.pdf\">REGLAMENTO DE GRADOS Y T\u00cdTULOS MODIFICADO<\/a><\/li><li><a href=\"http:\/\/www.unajma.edu.pe\/transparencia\/planeamiento_y_organizacion\/reglamentos\/reglamento-gradostitulos-2023.pdf\">REGLAMENTO DE GRADOS Y T\u00cdTULOS<\/a><\/li><li><a href=\"http:\/\/www.unajma.edu.pe\/transparencia\/planeamiento_y_organizacion\/RIT.pdf\">REGLAMENTO INTERNO DE LA UNAJMA<\/a><\/li><li><a href=\"http:\/\/www.unajma.edu.pe\/transparencia\/planeamiento_y_organizacion\/reglamentos\/Reglamento_Prevencion_Hostigamiento_Sexual.pdf\">REGLAMENTO DE PREVENCI\u00d3N DE HOSTIGAMIENTO SEXUAL<\/a><\/li><li><a href=\"http:\/\/www.unajma.edu.pe\/transparencia\/planeamiento_y_organizacion\/reglamentos\/reglamento-interno-servidores-unajma.pdf\">REGLAMENTO INTERNO DE LOS SERVIDORES CIVILES DE LA UNAJMA<\/a><\/li><li><a href=\"https:\/\/www.unajma.edu.pe\/transparencia\/planeamiento_y_organizacion\/reglamentos\/RESOLUCI%C3%93N%20N%C2%B0%20181-2025-UNAJMA-CU.pdf\">REGLAMENTO DE SESIONES DEL CONSEJO DE FACULTAD DE CIENCIAS DE LA EMPRESA<\/a><\/li><li><a href=\"https:\/\/www.unajma.edu.pe\/transparencia\/planeamiento_y_organizacion\/reglamentos\/RESOLUCI%C3%93N%20N%C2%B0%20189-2025-UNAJMA-CU..pdf\">REGLAMENTO PARA LA ELECCI\u00d3N DE LOS REPRESENTANTES DE LOS TRABAJADORES ANTE EL COMIT\u00c9 DE SEGURIDAD Y SALUD EN EL TRABAJO DE LA UNAJMA, PERIODO 2025-2027<\/a><\/li><li><a href=\"http:\/\/www.unajma.edu.pe\/transparencia\/planeamiento_y_organizacion\/reglamentos\/lineamientos-movilidad.pdf\">LINEAMIENTOS PARA MOVILIDAD DOCENTES, ESTUDIANTES Y ADMINISTRATIVOS<\/a><\/li><\/ul><\/li><\/ul><h1 style=\"text-align: center;\"><strong>VICERRECTORADO ACAD\u00c9MICO<\/strong><\/h1><ul><li style=\"list-style-type: none;\"><ul><li><a href=\"https:\/\/unajma.edu.pe\/transparencia\/planeamiento_y_organizacion\/reglamentos\/\/reglamento-modificado-ingreso-carrera-docente.pdf\">REGLAMENTO DE CONCURSO P\u00daBLICO DE INGRESO A LA CARRERA DOCENTE &#8211; MODIFICADO<\/a><\/li><li><a href=\"http:\/\/www.unajma.edu.pe\/transparencia\/planeamiento_y_organizacion\/reglamentos\/reglamento_estudiantes_2016.pdf\">REGLAMENTO ACAD\u00c9MICO<\/a><\/li><li><a href=\"http:\/\/www.unajma.edu.pe\/transparencia\/planeamiento_y_organizacion\/reglamentos\/reglamento_estudios_2017.pdf\">REGLAMENTO GENERAL DE ESTUDIOS<\/a><\/li><li><a href=\"http:\/\/www.unajma.edu.pe\/transparencia\/planeamiento_y_organizacion\/reglamentos\/reglamento-convalidaciones-2023.pdf\">REGLAMENTO DE CONVALIDACIONES<\/a><\/li><li><a href=\"http:\/\/www.unajma.edu.pe\/transparencia\/planeamiento_y_organizacion\/reglamentos\/reglamento_agno_sabatico_docentes_2017.pdf\">REGLAMENTO DE A\u00d1O SAB\u00c1TICO<\/a><\/li><\/ul><\/li><\/ul><h1 style=\"text-align: center;\"><strong>VICERRECTORADO DE INVESTIGACI\u00d3N<\/strong><\/h1><ul><li style=\"list-style-type: none;\"><ul><li><a href=\"https:\/\/repositorio.unajma.edu.pe\/static\/documents\/Politicas.pdf\">REGLAMENTO DE REPOSITORIO INSTITUCIONAL<\/a><\/li><\/ul><\/li><\/ul>\t\t\t\t\t\t<\/div>\n\t\t\t\t<\/div>\n\t\t\t\t\t<\/div>\n\t\t<\/div>\n\t\t\t\t\t\t\t<\/div>\n\t\t<\/section>\n\t\t\t\t\t\t\t<\/div>\n\t\t","protected":false},"excerpt":{"rendered":"<p>REGLAMENTOS EMITIDOS POR LA ENTIDAD RECTORADO REGLAMENTO GENERAL REGLAMENTO DE GRADOS Y T\u00cdTULOS MODIFICADO REGLAMENTO DE GRADOS Y T\u00cdTULOS REGLAMENTO INTERNO DE LA UNAJMA REGLAMENTO DE PREVENCI\u00d3N DE HOSTIGAMIENTO SEXUAL REGLAMENTO INTERNO DE LOS SERVIDORES CIVILES DE LA UNAJMA REGLAMENTO DE SESIONES DEL CONSEJO DE FACULTAD DE CIENCIAS DE LA EMPRESA REGLAMENTO PARA LA ELECCI\u00d3N [&hellip;]<\/p>\n","protected":false},"author":1,"featured_media":0,"parent":0,"menu_order":0,"comment_status":"closed","ping_status":"closed","template":"","meta":{"footnotes":""},"class_list":["post-167","page","type-page","status-publish","hentry","post"],"_links":{"self":[{"href":"https:\/\/transparencia.unajma.edu.pe\/index.php?rest_route=\/wp\/v2\/pages\/167","targetHints":{"allow":["GET"]}}],"collection":[{"href":"https:\/\/transparencia.unajma.edu.pe\/index.php?rest_route=\/wp\/v2\/pages"}],"about":[{"href":"https:\/\/transparencia.unajma.edu.pe\/index.php?rest_route=\/wp\/v2\/types\/page"}],"author":[{"embeddable":true,"href":"https:\/\/transparencia.unajma.edu.pe\/index.php?rest_route=\/wp\/v2\/users\/1"}],"replies":[{"embeddable":true,"href":"https:\/\/transparencia.unajma.edu.pe\/index.php?rest_route=%2Fwp%2Fv2%2Fcomments&post=167"}],"version-history":[{"count":60,"href":"https:\/\/transparencia.unajma.edu.pe\/index.php?rest_route=\/wp\/v2\/pages\/167\/revisions"}],"predecessor-version":[{"id":876,"href":"https:\/\/transparencia.unajma.edu.pe\/index.php?rest_route=\/wp\/v2\/pages\/167\/revisions\/876"}],"wp:attachment":[{"href":"https:\/\/transparencia.unajma.edu.pe\/index.php?rest_route=%2Fwp%2Fv2%2Fmedia&parent=167"}],"curies":[{"name":"wp","href":"https:\/\/api.w.org\/{rel}","templated":true}]}}