{"id":190,"date":"2023-10-12T20:27:58","date_gmt":"2023-10-12T20:27:58","guid":{"rendered":"http:\/\/transparencia2023.unajma.edu.pe\/?page_id=190"},"modified":"2026-04-01T17:56:30","modified_gmt":"2026-04-01T17:56:30","slug":"directivas","status":"publish","type":"page","link":"https:\/\/transparencia.unajma.edu.pe\/?page_id=190","title":{"rendered":"DIRECTIVAS"},"content":{"rendered":"\t\t<div data-elementor-type=\"wp-page\" data-elementor-id=\"190\" class=\"elementor elementor-190\">\n\t\t\t\t\t\t\t\t\t<section class=\"elementor-section elementor-top-section elementor-element elementor-element-1fdd266 elementor-section-boxed elementor-section-height-default elementor-section-height-default\" data-id=\"1fdd266\" data-element_type=\"section\">\n\t\t\t\t\t\t<div class=\"elementor-container elementor-column-gap-default\">\n\t\t\t\t\t<div class=\"elementor-column elementor-col-100 elementor-top-column elementor-element elementor-element-0c89d4e\" data-id=\"0c89d4e\" data-element_type=\"column\">\n\t\t\t<div class=\"elementor-widget-wrap elementor-element-populated\">\n\t\t\t\t\t\t\t\t<div class=\"elementor-element elementor-element-44f1ac2 elementor-widget elementor-widget-text-editor\" data-id=\"44f1ac2\" data-element_type=\"widget\" data-widget_type=\"text-editor.default\">\n\t\t\t\t<div class=\"elementor-widget-container\">\n\t\t\t<style>\/*! elementor - v3.6.2 - 04-04-2022 *\/\n.elementor-widget-text-editor.elementor-drop-cap-view-stacked .elementor-drop-cap{background-color:#818a91;color:#fff}.elementor-widget-text-editor.elementor-drop-cap-view-framed .elementor-drop-cap{color:#818a91;border:3px solid;background-color:transparent}.elementor-widget-text-editor:not(.elementor-drop-cap-view-default) .elementor-drop-cap{margin-top:8px}.elementor-widget-text-editor:not(.elementor-drop-cap-view-default) .elementor-drop-cap-letter{width:1em;height:1em}.elementor-widget-text-editor .elementor-drop-cap{float:left;text-align:center;line-height:1;font-size:50px}.elementor-widget-text-editor .elementor-drop-cap-letter{display:inline-block}<\/style>\t\t\t\t<h2 style=\"background-color: #abc6d94d; font-style: normal; font-weight: 200; text-transform: uppercase;\">DIRECTIVAS EMITIDAS POR LA ENTIDAD<\/h2><h1 style=\"text-align: center;\">Directivas de Gesti\u00f3n Administrativa<\/h1><ul><li style=\"list-style-type: none;\"><ul><li><a href=\"http:\/\/www.unajma.edu.pe\/transparencia\/planeamiento_y_organizacion\/directivas\/directiva-servicios-archivisticos.pdf\">DIRECTIVA DE SERVICIOS ARCHIV\u00cdSTICOS<\/a><\/li><li><a href=\"http:\/\/www.unajma.edu.pe\/transparencia\/planeamiento_y_organizacion\/directivas\/directiva-sistema-archivos-unajma.pdf\">DIRECTIVA QUE REGULA EL FUNCIONAMIENTO DEL SISTEMA DE ARCHIVOS<\/a><\/li><li><a href=\"http:\/\/www.unajma.edu.pe\/transparencia\/planeamiento_y_organizacion\/directivas\/directiva-transferencia-documental.pdf\">DIRECTIVA DE TRANSFERENCIA DOCUMENTAL<br \/><\/a><\/li><li><a href=\"http:\/\/www.unajma.edu.pe\/transparencia\/planeamiento_y_organizacion\/directivas\/normas-ascenco-carrera-administrativa.pdf\">DIRECTIVA DE NORMAS Y PROCEDIMIENTOS PARA EL PROCESO DE EVALUACI\u00d3N DE ASCENSO DE LA CARRERA ADMINISTRATIVA<\/a><\/li><li><a href=\"http:\/\/www.unajma.edu.pe\/transparencia\/planeamiento_y_organizacion\/directivas\/directiva_bienes_servicios_2019.pdf\">DIRECTIVA DE CONTRATACI\u00d3N DE BIENES Y SERVICIOS<\/a><\/li><li><a href=\"http:\/\/www.unajma.edu.pe\/transparencia\/planeamiento_y_organizacion\/directivas\/directiva_viaticos_2019.pdf\">DIRECTIVA DE VI\u00c1TICOS<\/a><\/li><li><a href=\"http:\/\/www.unajma.edu.pe\/transparencia\/planeamiento_y_organizacion\/directivas\/Directiva_Otorgamiento_Ejecucion_Rendicion_Gastos_Encargo_Interno.pdf\">DIRECTIVA DE EJECUCI\u00d3N Y RENDICI\u00d3N DE GASTOS POR ENCARGO INTERNO<\/a><\/li><li><a href=\"http:\/\/www.unajma.edu.pe\/transparencia\/planeamiento_y_organizacion\/directivas\/directiva_duplicado_titulos_grados_2017.pdf\">DIRECTIVA DE DUPLICADO DE DIPLOMA DE T\u00cdTULO Y GRADO ACAD\u00c9MICO<\/a><\/li><li><a href=\"http:\/\/www.unajma.edu.pe\/transparencia\/planeamiento_y_organizacion\/directivas\/directiva_fedatario_2017.pdf\">DIRECTIVA DE FEDATARIO<\/a><\/li><li><a href=\"http:\/\/www.unajma.edu.pe\/transparencia\/planeamiento_y_organizacion\/directivas\/directiva_inventario_bienes_2017.pdf\">DIRECTIVA DE INVENTARIO DE BIENES<\/a><\/li><li><a href=\"http:\/\/www.unajma.edu.pe\/transparencia\/planeamiento_y_organizacion\/directivas\/directiva_ejecucion_obras_2017.pdf\">DIRECTIVA DE EJECUCI\u00d3N DE OBRAS<\/a><\/li><li><a href=\"http:\/\/www.unajma.edu.pe\/transparencia\/planeamiento_y_organizacion\/directivas\/directiva-viaticos-2023.pdf\" target=\"_blank\" rel=\"noopener\">DIRECTIVA PARA EL OTORGAMIENTO, RENDICI\u00d3N Y CONTROL DE VI\u00c1TICOS EN COMISI\u00d3N DE SERVICIO<\/a><\/li><li><a href=\"http:\/\/www.unajma.edu.pe\/transparencia\/planeamiento_y_organizacion\/directivas\/directiva-declaracion-jurada-bienes-rentas.pdf\">DIRECTIVA PARA LA PRESENTACI\u00d3N DE DECLARACI\u00d3N JURADA DE INGRESOS, BIENES Y RENTAS<\/a><\/li><li><a href=\"http:\/\/www.unajma.edu.pe\/transparencia\/planeamiento_y_organizacion\/directivas\/directiva-declaracion-jurada-intereses.pdf\">DIRECTIVA PARA LA PRESENTACI\u00d3N DE DECLARACI\u00d3N JURADA DE INTERESES<\/a><\/li><li><a href=\"http:\/\/www.unajma.edu.pe\/transparencia\/planeamiento_y_organizacion\/directivas\/directiva-encargatura-cargos.pdf\">DIRECTIVA DE ENCARGATURA DE CARGOS DE \u00d3RGANOS Y UNIDADES ORG\u00c1NICAS ADMINISTRATIVA ACAD\u00c9MICAS<\/a><\/li><li><a href=\"http:\/\/www.unajma.edu.pe\/transparencia\/planeamiento_y_organizacion\/directivas\/Directiva de procedimiento para recibir y atender denuncias funcionarios y servidores.pdf\">DIRECTIVA QUE REGULA EL PROCEDIMIENTO PARA RECIBIR Y ATENDER DENUNCIAS CONTRA FUNCIONARIOS Y SERVIDORES<\/a><\/li><li><a href=\"https:\/\/www.unajma.edu.pe\/transparencia\/planeamiento_y_organizacion\/RESOLUCI%C3%93N%20N%C2%B0%20153-2025-UNAJMA-CU.pdf\" target=\"_blank\" rel=\"noopener\">DIRECTIVA PARA LA PROTECCI\u00d3N DE DATOS PERSONALES<\/a><\/li><\/ul><\/li><\/ul><h1 style=\"text-align: center;\">Directivas de Vicerrectorado Acad\u00e9mico<\/h1><ul><li><a href=\"http:\/\/www.unajma.edu.pe\/transparencia\/planeamiento_y_organizacion\/directivas\/directiva_psicopedagogia_2016.pdf\">DIRECTIVA DE PSICOPEDAGOG\u00cdA<\/a><\/li><li><a href=\"http:\/\/www.unajma.edu.pe\/transparencia\/planeamiento_y_organizacion\/directivas\/directiva-desarrollo-clases.pdf\">DIRECTIVA DE DESARROLLO DE CLASES<\/a><\/li><\/ul>\t\t\t\t\t\t<\/div>\n\t\t\t\t<\/div>\n\t\t\t\t\t<\/div>\n\t\t<\/div>\n\t\t\t\t\t\t\t<\/div>\n\t\t<\/section>\n\t\t\t\t<section class=\"elementor-section elementor-top-section elementor-element elementor-element-33b55a9 elementor-section-boxed elementor-section-height-default elementor-section-height-default\" data-id=\"33b55a9\" data-element_type=\"section\">\n\t\t\t\t\t\t<div class=\"elementor-container elementor-column-gap-default\">\n\t\t\t\t\t<div class=\"elementor-column elementor-col-100 elementor-top-column elementor-element elementor-element-a68b5f6\" data-id=\"a68b5f6\" data-element_type=\"column\">\n\t\t\t<div class=\"elementor-widget-wrap elementor-element-populated\">\n\t\t\t\t\t\t\t\t<div class=\"elementor-element elementor-element-01dc506 elementor-widget elementor-widget-text-editor\" data-id=\"01dc506\" data-element_type=\"widget\" data-widget_type=\"text-editor.default\">\n\t\t\t\t<div class=\"elementor-widget-container\">\n\t\t\t\t\t\t\t<h1 style=\"text-align: center;\">Pol\u00edticas y Planes<\/h1><ul><li style=\"font-size: 13px;\"><a href=\"http:\/\/www.unajma.edu.pe\/transparencia\/planeamiento_y_organizacion\/directivas\/Politicas\/politica-contexto-organizacional.pdf\">POL\u00cdTICA DEL CONTEXTO ORGANIZACIONAL<\/a><\/li><li style=\"font-size: 13px;\"><a style=\"font-size: 13px; transition-property: all;\" href=\"http:\/\/www.unajma.edu.pe\/transparencia\/planeamiento_y_organizacion\/directivas\/Politicas\/politica-derecho-arco.pdf\" target=\"_blank\" rel=\"noopener\">POL\u00cdTICA PARA EL EJERCICIO DE DERECHOS ARCO<\/a><\/li><li><a href=\"http:\/\/www.unajma.edu.pe\/transparencia\/planeamiento_y_organizacion\/directivas\/Politicas\/POL\u00cdTICAS DE GESTI\u00d3N AMBIENTAL.pdf\" target=\"_blank\" rel=\"noopener\">POL\u00cdTICA DE GESTI\u00d3N AMBIENTAL INSTITUCIONAL<\/a><\/li><li><a href=\"http:\/\/www.unajma.edu.pe\/transparencia\/planeamiento_y_organizacion\/planes\/plan-continuidad-operativa-2025.pdf\">PLAN DE CONTINUIDAD OPERATIVA 2025<\/a><\/li><li><a href=\"http:\/\/www.unajma.edu.pe\/transparencia\/planeamiento_y_organizacion\/planes\/plan-continuidad-operativa-2024.pdf\" target=\"_blank\" rel=\"noopener\">PLAN DE CONTINUIDAD OPERATIVA 2024<\/a><\/li><li><a href=\"http:\/\/www.unajma.edu.pe\/transparencia\/planeamiento_y_organizacion\/planes\/plan-capacitacion-docente-2024.pdf\" target=\"_blank\" rel=\"noopener\">PLAN DE CAPACITACI\u00d3N DOCENTE 2024<\/a><\/li><li><a href=\"http:\/\/www.unajma.edu.pe\/transparencia\/planeamiento_y_organizacion\/planes\/plan-gobierno-digital-2024-2026.pdf\" target=\"_blank\" rel=\"noopener\">PLAN DE GOBIERNO DIGITAL 2024-2026<\/a><\/li><li><a href=\"http:\/\/www.unajma.edu.pe\/transparencia\/planeamiento_y_organizacion\/directivas\/Politicas\/politica-desarrollo-academico.pdf\" target=\"_blank\" rel=\"noopener\">POL\u00cdTICA DE DESARROLLO ACAD\u00c9MICO Y PEDAG\u00d3GICO DE PERSONAL DOCENTE <\/a><\/li><li><a href=\"http:\/\/www.unajma.edu.pe\/transparencia\/planeamiento_y_organizacion\/directivas\/Politicas\/2. Resoluci\u00f3n N\u00b0098-2023-UNAJMA Pol\u00edtica de Gesti\u00f3n de la Informaci\u00f3n documentada.pdf\" target=\"_blank\" rel=\"noopener\">POL\u00cdTICA DE GESTI\u00d3N DE LA INFORMACI\u00d3N DOCUMENTADA<\/a><\/li><li><a href=\"https:\/\/www.unajma.edu.pe\/transparencia\/planeamiento_y_organizacion\/RESOLUCI%C3%93N%20N%C2%B0%20152-2025-UNAJMA-CU.pdf\" target=\"_blank\" rel=\"noopener\">POL\u00cdTICA DE GESTI\u00d3N DE LA INFORMACI\u00d3N<\/a><\/li><li><a href=\"https:\/\/www.unajma.edu.pe\/transparencia\/planeamiento_y_organizacion\/RESOLUCI%C3%93N%20N%C2%B0%20151-2025-UNAJMA-CU.pdf\" target=\"_blank\" rel=\"noopener\">PROTOCOLO DE COPIAS DE SEGURIDAD<\/a><\/li><\/ul>\t\t\t\t\t\t<\/div>\n\t\t\t\t<\/div>\n\t\t\t\t\t<\/div>\n\t\t<\/div>\n\t\t\t\t\t\t\t<\/div>\n\t\t<\/section>\n\t\t\t\t\t\t\t<\/div>\n\t\t","protected":false},"excerpt":{"rendered":"<p>DIRECTIVAS EMITIDAS POR LA ENTIDAD Directivas de Gesti\u00f3n Administrativa DIRECTIVA DE SERVICIOS ARCHIV\u00cdSTICOS DIRECTIVA QUE REGULA EL FUNCIONAMIENTO DEL SISTEMA DE ARCHIVOS DIRECTIVA DE TRANSFERENCIA DOCUMENTAL DIRECTIVA DE NORMAS Y PROCEDIMIENTOS PARA EL PROCESO DE EVALUACI\u00d3N DE ASCENSO DE LA CARRERA ADMINISTRATIVA DIRECTIVA DE CONTRATACI\u00d3N DE BIENES Y SERVICIOS DIRECTIVA DE VI\u00c1TICOS DIRECTIVA DE EJECUCI\u00d3N [&hellip;]<\/p>\n","protected":false},"author":1,"featured_media":0,"parent":0,"menu_order":0,"comment_status":"closed","ping_status":"closed","template":"","meta":{"footnotes":""},"class_list":["post-190","page","type-page","status-publish","hentry","post"],"_links":{"self":[{"href":"https:\/\/transparencia.unajma.edu.pe\/index.php?rest_route=\/wp\/v2\/pages\/190","targetHints":{"allow":["GET"]}}],"collection":[{"href":"https:\/\/transparencia.unajma.edu.pe\/index.php?rest_route=\/wp\/v2\/pages"}],"about":[{"href":"https:\/\/transparencia.unajma.edu.pe\/index.php?rest_route=\/wp\/v2\/types\/page"}],"author":[{"embeddable":true,"href":"https:\/\/transparencia.unajma.edu.pe\/index.php?rest_route=\/wp\/v2\/users\/1"}],"replies":[{"embeddable":true,"href":"https:\/\/transparencia.unajma.edu.pe\/index.php?rest_route=%2Fwp%2Fv2%2Fcomments&post=190"}],"version-history":[{"count":108,"href":"https:\/\/transparencia.unajma.edu.pe\/index.php?rest_route=\/wp\/v2\/pages\/190\/revisions"}],"predecessor-version":[{"id":870,"href":"https:\/\/transparencia.unajma.edu.pe\/index.php?rest_route=\/wp\/v2\/pages\/190\/revisions\/870"}],"wp:attachment":[{"href":"https:\/\/transparencia.unajma.edu.pe\/index.php?rest_route=%2Fwp%2Fv2%2Fmedia&parent=190"}],"curies":[{"name":"wp","href":"https:\/\/api.w.org\/{rel}","templated":true}]}}