{"id":275,"date":"2023-11-09T23:13:40","date_gmt":"2023-11-09T23:13:40","guid":{"rendered":"http:\/\/transparencia.unajma.edu.pe\/?page_id=275"},"modified":"2026-03-05T15:08:52","modified_gmt":"2026-03-05T15:08:52","slug":"comite-electoral-y-defensoria-universitaria","status":"publish","type":"page","link":"https:\/\/transparencia.unajma.edu.pe\/?page_id=275","title":{"rendered":"COMIT\u00c9 ELECTORAL Y DEFENSOR\u00cdA UNIVERSITARIA"},"content":{"rendered":"\t\t<div data-elementor-type=\"wp-page\" data-elementor-id=\"275\" class=\"elementor elementor-275\">\n\t\t\t\t\t\t\t\t\t<section class=\"elementor-section elementor-top-section elementor-element elementor-element-571a8dc8 elementor-section-boxed elementor-section-height-default elementor-section-height-default\" data-id=\"571a8dc8\" data-element_type=\"section\">\n\t\t\t\t\t\t<div class=\"elementor-container elementor-column-gap-default\">\n\t\t\t\t\t<div class=\"elementor-column elementor-col-100 elementor-top-column elementor-element elementor-element-3da8936\" data-id=\"3da8936\" data-element_type=\"column\">\n\t\t\t<div class=\"elementor-widget-wrap elementor-element-populated\">\n\t\t\t\t\t\t\t\t<div class=\"elementor-element elementor-element-36e7f667 elementor-widget elementor-widget-text-editor\" data-id=\"36e7f667\" data-element_type=\"widget\" data-widget_type=\"text-editor.default\">\n\t\t\t\t<div class=\"elementor-widget-container\">\n\t\t\t<style>\/*! elementor - v3.6.2 - 04-04-2022 *\/\n.elementor-widget-text-editor.elementor-drop-cap-view-stacked .elementor-drop-cap{background-color:#818a91;color:#fff}.elementor-widget-text-editor.elementor-drop-cap-view-framed .elementor-drop-cap{color:#818a91;border:3px solid;background-color:transparent}.elementor-widget-text-editor:not(.elementor-drop-cap-view-default) .elementor-drop-cap{margin-top:8px}.elementor-widget-text-editor:not(.elementor-drop-cap-view-default) .elementor-drop-cap-letter{width:1em;height:1em}.elementor-widget-text-editor .elementor-drop-cap{float:left;text-align:center;line-height:1;font-size:50px}.elementor-widget-text-editor .elementor-drop-cap-letter{display:inline-block}<\/style>\t\t\t\t<p><span style=\"color: #000000;\">COMIT\u00c9 ELECTORAL Y DEFENSOR\u00cdA UNIVERSITARIA<\/span><\/p>\n<ul>\n<li><a href=\"https:\/\/unajma.edu.pe\/comite-electoral-universitario\/\">COMIT\u00c9 ELECTORAL<\/a><\/li>\n<li><a href=\"https:\/\/unajma.edu.pe\/defensoria-universitaria\/\">DEFENSOR\u00cdA UNIVERSITARIA<\/a><\/li>\n<\/ul>\t\t\t\t\t\t<\/div>\n\t\t\t\t<\/div>\n\t\t\t\t\t<\/div>\n\t\t<\/div>\n\t\t\t\t\t\t\t<\/div>\n\t\t<\/section>\n\t\t\t\t\t\t\t<\/div>\n\t\t","protected":false},"excerpt":{"rendered":"<p>COMIT\u00c9 ELECTORAL Y DEFENSOR\u00cdA UNIVERSITARIA COMIT\u00c9 ELECTORAL DEFENSOR\u00cdA UNIVERSITARIA<\/p>\n","protected":false},"author":1,"featured_media":0,"parent":0,"menu_order":0,"comment_status":"closed","ping_status":"closed","template":"","meta":{"footnotes":""},"class_list":["post-275","page","type-page","status-publish","hentry","post"],"_links":{"self":[{"href":"https:\/\/transparencia.unajma.edu.pe\/index.php?rest_route=\/wp\/v2\/pages\/275","targetHints":{"allow":["GET"]}}],"collection":[{"href":"https:\/\/transparencia.unajma.edu.pe\/index.php?rest_route=\/wp\/v2\/pages"}],"about":[{"href":"https:\/\/transparencia.unajma.edu.pe\/index.php?rest_route=\/wp\/v2\/types\/page"}],"author":[{"embeddable":true,"href":"https:\/\/transparencia.unajma.edu.pe\/index.php?rest_route=\/wp\/v2\/users\/1"}],"replies":[{"embeddable":true,"href":"https:\/\/transparencia.unajma.edu.pe\/index.php?rest_route=%2Fwp%2Fv2%2Fcomments&post=275"}],"version-history":[{"count":10,"href":"https:\/\/transparencia.unajma.edu.pe\/index.php?rest_route=\/wp\/v2\/pages\/275\/revisions"}],"predecessor-version":[{"id":813,"href":"https:\/\/transparencia.unajma.edu.pe\/index.php?rest_route=\/wp\/v2\/pages\/275\/revisions\/813"}],"wp:attachment":[{"href":"https:\/\/transparencia.unajma.edu.pe\/index.php?rest_route=%2Fwp%2Fv2%2Fmedia&parent=275"}],"curies":[{"name":"wp","href":"https:\/\/api.w.org\/{rel}","templated":true}]}}