{"id":288,"date":"2023-11-14T13:45:22","date_gmt":"2023-11-14T13:45:22","guid":{"rendered":"http:\/\/transparencia.unajma.edu.pe\/?page_id=288"},"modified":"2024-08-07T22:48:53","modified_gmt":"2024-08-07T22:48:53","slug":"postulantes-ingresantes-matriculados-y-egresados","status":"publish","type":"page","link":"https:\/\/transparencia.unajma.edu.pe\/?page_id=288","title":{"rendered":"POSTULANTES, INGRESANTES, MATRICULADOS Y EGRESADOS"},"content":{"rendered":"\t\t<div data-elementor-type=\"wp-page\" data-elementor-id=\"288\" class=\"elementor elementor-288\">\n\t\t\t\t\t\t\t\t\t<section class=\"elementor-section elementor-top-section elementor-element elementor-element-608b3c17 elementor-section-boxed elementor-section-height-default elementor-section-height-default\" data-id=\"608b3c17\" data-element_type=\"section\">\n\t\t\t\t\t\t<div class=\"elementor-container elementor-column-gap-default\">\n\t\t\t\t\t<div class=\"elementor-column elementor-col-100 elementor-top-column elementor-element elementor-element-35f3ddb0\" data-id=\"35f3ddb0\" data-element_type=\"column\">\n\t\t\t<div class=\"elementor-widget-wrap elementor-element-populated\">\n\t\t\t\t\t\t\t\t<div class=\"elementor-element elementor-element-7e164ad8 elementor-widget elementor-widget-text-editor\" data-id=\"7e164ad8\" data-element_type=\"widget\" data-widget_type=\"text-editor.default\">\n\t\t\t\t<div class=\"elementor-widget-container\">\n\t\t\t<style>\/*! elementor - v3.6.2 - 04-04-2022 *\/\n.elementor-widget-text-editor.elementor-drop-cap-view-stacked .elementor-drop-cap{background-color:#818a91;color:#fff}.elementor-widget-text-editor.elementor-drop-cap-view-framed .elementor-drop-cap{color:#818a91;border:3px solid;background-color:transparent}.elementor-widget-text-editor:not(.elementor-drop-cap-view-default) .elementor-drop-cap{margin-top:8px}.elementor-widget-text-editor:not(.elementor-drop-cap-view-default) .elementor-drop-cap-letter{width:1em;height:1em}.elementor-widget-text-editor .elementor-drop-cap{float:left;text-align:center;line-height:1;font-size:50px}.elementor-widget-text-editor .elementor-drop-cap-letter{display:inline-block}<\/style>\t\t\t\t<p><!-- wp:heading {\"level\":3,\"style\":{\"typography\":{\"fontStyle\":\"normal\",\"fontWeight\":\"200\",\"textTransform\":\"uppercase\"},\"color\":{\"background\":\"#abb7c230\"}},\"textColor\":\"black\",\"fontSize\":\"small\"} --><\/p>\n<h3 class=\"wp-block-heading has-black-color has-text-color has-background has-small-font-size\" style=\"background-color: #abb7c230; font-style: normal; font-weight: 200; text-transform: uppercase;\">n\u00famero de postulantes<\/h3>\n<p><!-- \/wp:heading --><!-- wp:list {\"fontSize\":\"small\"} --><\/p>\n<ul class=\"has-small-font-size\"><!-- wp:list-item {\"style\":{\"typography\":{\"textTransform\":\"capitalize\",\"textDecoration\":\"none\"}},\"fontSize\":\"small\"} --><p><\/p>\n<li class=\"has-small-font-size\" style=\"text-decoration: none; text-transform: capitalize;\"><a href=\"https:\/\/docs.google.com\/spreadsheets\/d\/1oMf5xHxrDZhWQZJb1I809oFbGWeLwIse\/edit?usp=sharing&amp;ouid=114476382560833925784&amp;rtpof=true&amp;sd=true\" target=\"_blank\" rel=\"noreferrer noopener\" data-type=\"link\" data-id=\"https:\/\/docs.google.com\/spreadsheets\/d\/1om9p-AsaWsjr6Fpp-h6v_9hZ73wcpDmy\/edit#gid=458114440\">Numero de Postulantes por semestre acad\u00e9mico<\/a><\/li>\n<p><!-- \/wp:list-item --><\/p><\/ul>\n<p><!-- \/wp:list --><!-- wp:heading {\"level\":3,\"style\":{\"typography\":{\"fontStyle\":\"normal\",\"fontWeight\":\"200\",\"textTransform\":\"uppercase\"},\"color\":{\"background\":\"#abb7c230\"}},\"textColor\":\"black\",\"fontSize\":\"small\"} --><\/p>\n<h3 class=\"wp-block-heading has-black-color has-text-color has-background has-small-font-size\" style=\"background-color: #abb7c230; font-style: normal; font-weight: 200; text-transform: uppercase;\">n\u00famero de ingresantes<\/h3>\n<p><!-- \/wp:heading --><!-- wp:list {\"fontSize\":\"small\"} --><\/p>\n<ul class=\"has-small-font-size\"><!-- wp:list-item {\"style\":{\"typography\":{\"textTransform\":\"capitalize\",\"textDecoration\":\"none\"}},\"fontSize\":\"small\"} --><p><\/p>\n<li class=\"has-small-font-size\" style=\"text-decoration: none; text-transform: capitalize;\"><a href=\"https:\/\/docs.google.com\/spreadsheets\/d\/1wAm_7mUtfb9TRSZkxqBbdKEmlBSBe1Ww\/edit?usp=sharing&amp;ouid=114476382560833925784&amp;rtpof=true&amp;sd=true\" target=\"_blank\" rel=\"noreferrer noopener\" data-type=\"link\" data-id=\"https:\/\/docs.google.com\/spreadsheets\/d\/1om9p-AsaWsjr6Fpp-h6v_9hZ73wcpDmy\/edit#gid=458114440\">Numero de Ingresantes por semestre acad\u00e9mico<\/a><\/li>\n<p><!-- \/wp:list-item --><\/p><\/ul>\n<p><!-- \/wp:list --><!-- wp:heading {\"level\":3,\"style\":{\"typography\":{\"fontStyle\":\"normal\",\"fontWeight\":\"200\",\"textTransform\":\"uppercase\"},\"color\":{\"background\":\"#abb7c230\"}},\"textColor\":\"black\",\"fontSize\":\"small\"} --><\/p>\n<h3 class=\"wp-block-heading has-black-color has-text-color has-background has-small-font-size\" style=\"background-color: #abb7c230; font-style: normal; font-weight: 200; text-transform: uppercase;\">n\u00famero de estudiantes matriculados<\/h3>\n<p><!-- \/wp:heading --><!-- wp:list {\"fontSize\":\"small\"} --><\/p>\n<ul class=\"has-small-font-size\"><!-- wp:list-item {\"style\":{\"typography\":{\"textTransform\":\"capitalize\",\"textDecoration\":\"none\"}},\"fontSize\":\"small\"} --><p><\/p>\n<li class=\"has-small-font-size\" style=\"text-decoration: none; text-transform: capitalize;\"><a href=\"https:\/\/docs.google.com\/spreadsheets\/d\/1om9p-AsaWsjr6Fpp-h6v_9hZ73wcpDmy\/edit#gid=458114440\" target=\"_blank\" rel=\"noreferrer noopener\" data-type=\"link\" data-id=\"https:\/\/docs.google.com\/spreadsheets\/d\/1om9p-AsaWsjr6Fpp-h6v_9hZ73wcpDmy\/edit#gid=458114440\">Numero de Estudiantes Matriculados por semestre acad\u00e9mico<\/a><\/li>\n<p><!-- \/wp:list-item --><\/p><\/ul>\n<p><!-- \/wp:list --><!-- wp:heading {\"style\":{\"color\":{\"background\":\"#a8bbcc40\"},\"typography\":{\"fontStyle\":\"normal\",\"fontWeight\":\"200\",\"textTransform\":\"uppercase\"}},\"textColor\":\"black\",\"fontSize\":\"small\"} --><\/p>\n<h2 class=\"wp-block-heading has-black-color has-text-color has-background has-small-font-size\" style=\"background-color: #a8bbcc40; font-style: normal; font-weight: 200; text-transform: uppercase;\">n\u00daMERO DE EGRESADOS<\/h2>\n<p><!-- \/wp:heading --><!-- wp:list {\"fontSize\":\"small\"} --><\/p>\n<ul class=\"has-small-font-size\"><!-- wp:list-item {\"style\":{\"typography\":{\"textTransform\":\"capitalize\",\"textDecoration\":\"none\"}},\"fontSize\":\"small\"} --><p><\/p>\n<li class=\"has-small-font-size\" style=\"text-decoration: none; text-transform: capitalize;\"><a href=\"https:\/\/docs.google.com\/spreadsheets\/d\/1WpaMMDXfbBYTe90GWaztwfJExz9mw3Z2\/edit?usp=drive_link&amp;ouid=114476382560833925784&amp;rtpof=true&amp;sd=true\">Numero de Egresados por semestres acad\u00e9mico<\/a><\/li>\n<p><!-- \/wp:list-item --><\/p><\/ul>\n<p><!-- \/wp:list --><!-- wp:paragraph --><\/p>\n<p><!-- \/wp:paragraph --><\/p>\t\t\t\t\t\t<\/div>\n\t\t\t\t<\/div>\n\t\t\t\t\t<\/div>\n\t\t<\/div>\n\t\t\t\t\t\t\t<\/div>\n\t\t<\/section>\n\t\t\t\t\t\t\t<\/div>\n\t\t","protected":false},"excerpt":{"rendered":"<p>n\u00famero de postulantes n\u00famero de ingresantes n\u00famero de estudiantes matriculados n\u00daMERO DE EGRESADOS<\/p>\n","protected":false},"author":1,"featured_media":0,"parent":0,"menu_order":0,"comment_status":"closed","ping_status":"closed","template":"","meta":{"footnotes":""},"class_list":["post-288","page","type-page","status-publish","hentry","post"],"_links":{"self":[{"href":"https:\/\/transparencia.unajma.edu.pe\/index.php?rest_route=\/wp\/v2\/pages\/288","targetHints":{"allow":["GET"]}}],"collection":[{"href":"https:\/\/transparencia.unajma.edu.pe\/index.php?rest_route=\/wp\/v2\/pages"}],"about":[{"href":"https:\/\/transparencia.unajma.edu.pe\/index.php?rest_route=\/wp\/v2\/types\/page"}],"author":[{"embeddable":true,"href":"https:\/\/transparencia.unajma.edu.pe\/index.php?rest_route=\/wp\/v2\/users\/1"}],"replies":[{"embeddable":true,"href":"https:\/\/transparencia.unajma.edu.pe\/index.php?rest_route=%2Fwp%2Fv2%2Fcomments&post=288"}],"version-history":[{"count":15,"href":"https:\/\/transparencia.unajma.edu.pe\/index.php?rest_route=\/wp\/v2\/pages\/288\/revisions"}],"predecessor-version":[{"id":587,"href":"https:\/\/transparencia.unajma.edu.pe\/index.php?rest_route=\/wp\/v2\/pages\/288\/revisions\/587"}],"wp:attachment":[{"href":"https:\/\/transparencia.unajma.edu.pe\/index.php?rest_route=%2Fwp%2Fv2%2Fmedia&parent=288"}],"curies":[{"name":"wp","href":"https:\/\/api.w.org\/{rel}","templated":true}]}}