{"id":514,"date":"2024-02-13T14:24:03","date_gmt":"2024-02-13T14:24:03","guid":{"rendered":"http:\/\/transparencia.unajma.edu.pe\/?page_id=514"},"modified":"2024-02-13T14:41:30","modified_gmt":"2024-02-13T14:41:30","slug":"proyectos-de-investigacion","status":"publish","type":"page","link":"https:\/\/transparencia.unajma.edu.pe\/?page_id=514","title":{"rendered":"PROYECTOS DE INVESTIGACI\u00d3N"},"content":{"rendered":"\t\t<div data-elementor-type=\"wp-page\" data-elementor-id=\"514\" class=\"elementor elementor-514\">\n\t\t\t\t\t\t\t\t\t<section class=\"elementor-section elementor-top-section elementor-element elementor-element-6abe1f9f elementor-section-boxed elementor-section-height-default elementor-section-height-default\" data-id=\"6abe1f9f\" data-element_type=\"section\">\n\t\t\t\t\t\t<div class=\"elementor-container elementor-column-gap-default\">\n\t\t\t\t\t<div class=\"elementor-column elementor-col-100 elementor-top-column elementor-element elementor-element-415ee4f\" data-id=\"415ee4f\" data-element_type=\"column\">\n\t\t\t<div class=\"elementor-widget-wrap elementor-element-populated\">\n\t\t\t\t\t\t\t\t<div class=\"elementor-element elementor-element-432bb4ec elementor-widget elementor-widget-text-editor\" data-id=\"432bb4ec\" data-element_type=\"widget\" data-widget_type=\"text-editor.default\">\n\t\t\t\t<div class=\"elementor-widget-container\">\n\t\t\t<style>\/*! elementor - v3.6.2 - 04-04-2022 *\/\n.elementor-widget-text-editor.elementor-drop-cap-view-stacked .elementor-drop-cap{background-color:#818a91;color:#fff}.elementor-widget-text-editor.elementor-drop-cap-view-framed .elementor-drop-cap{color:#818a91;border:3px solid;background-color:transparent}.elementor-widget-text-editor:not(.elementor-drop-cap-view-default) .elementor-drop-cap{margin-top:8px}.elementor-widget-text-editor:not(.elementor-drop-cap-view-default) .elementor-drop-cap-letter{width:1em;height:1em}.elementor-widget-text-editor .elementor-drop-cap{float:left;text-align:center;line-height:1;font-size:50px}.elementor-widget-text-editor .elementor-drop-cap-letter{display:inline-block}<\/style>\t\t\t\t<p><!-- wp:heading {\"level\":3,\"style\":{\"typography\":{\"fontStyle\":\"normal\",\"fontWeight\":\"200\",\"textTransform\":\"uppercase\"},\"color\":{\"background\":\"#abb7c230\"}},\"textColor\":\"black\",\"fontSize\":\"small\"} --><\/p>\n<h3 class=\"wp-block-heading has-black-color has-text-color has-background has-small-font-size\" style=\"background-color: #abb7c230; font-style: normal; font-weight: 200; text-transform: uppercase;\">PROYECTOS DE INVESTIGACI\u00d3N EN EJECUCI\u00d3N<\/h3>\n<p><!-- \/wp:heading --><\/p>\n<p><!-- wp:list {\"fontSize\":\"small\"} --><\/p>\n<ul class=\"has-small-font-size\">\n<li style=\"list-style-type: none;\">\n<ul class=\"has-small-font-size\"><!-- wp:list-item {\"style\":{\"typography\":{\"textTransform\":\"capitalize\",\"textDecoration\":\"none\"}},\"fontSize\":\"small\"} --><\/ul>\n<\/li>\n<\/ul>\n<ul class=\"has-small-font-size\">\n<li style=\"list-style-type: none;\">\n<ul class=\"has-small-font-size\">\n<li class=\"has-small-font-size\" style=\"text-decoration: none; text-transform: capitalize;\"><a href=\"http:\/\/www.unajma.edu.pe\/transparencia\/proyectos-investigacion\/proyectos-investigacion-ejecucion-2023-ii.pdf\">Listado de proyectos de investigaci\u00f3n en ejecuci\u00f3n al 2023-II<\/a><\/li>\n<\/ul>\n<\/li>\n<\/ul>\n<p><!-- \/wp:list-item --><\/p>\n<p><!-- \/wp:list --><\/p>\n<p><!-- wp:heading {\"level\":3,\"style\":{\"typography\":{\"fontStyle\":\"normal\",\"fontWeight\":\"200\",\"textTransform\":\"uppercase\"},\"color\":{\"background\":\"#abb7c230\"}},\"textColor\":\"black\",\"fontSize\":\"small\"} --><\/p>\n<h3 class=\"wp-block-heading has-black-color has-text-color has-background has-small-font-size\" style=\"background-color: #abb7c230; font-style: normal; font-weight: 200; text-transform: uppercase;\">PROYECTOS DE INVESTIGACI\u00d3N APROBADOS 2013-2022<\/h3>\n<p><!-- \/wp:heading --><\/p>\n<p><!-- wp:list {\"fontSize\":\"small\"} --><\/p>\n<ul class=\"has-small-font-size\">\n<li style=\"list-style-type: none;\">\n<ul class=\"has-small-font-size\"><!-- wp:list-item {\"style\":{\"typography\":{\"textTransform\":\"capitalize\",\"textDecoration\":\"none\"}},\"fontSize\":\"small\"} --><\/ul>\n<\/li>\n<\/ul>\n<ul class=\"has-small-font-size\">\n<li style=\"list-style-type: none;\">\n<ul class=\"has-small-font-size\">\n<li class=\"has-small-font-size\" style=\"text-decoration: none; text-transform: capitalize;\"><a href=\"http:\/\/unajma.edu.pe\/es\/proyectos-de-investigacion\" target=\"_blank\" rel=\"noreferrer noopener\" data-type=\"link\" data-id=\"https:\/\/docs.google.com\/spreadsheets\/d\/1om9p-AsaWsjr6Fpp-h6v_9hZ73wcpDmy\/edit#gid=458114440\">Proyectos de investigaci\u00f3n aprobados desde el a\u00f1o 2013 al 2022<br \/><\/a><\/li>\n<\/ul>\n<\/li>\n<\/ul>\n<p><!-- \/wp:list-item --><\/p>\n<p><!-- \/wp:list --><\/p>\n<p><!-- wp:heading {\"level\":3,\"style\":{\"typography\":{\"fontStyle\":\"normal\",\"fontWeight\":\"200\",\"textTransform\":\"uppercase\"},\"color\":{\"background\":\"#abb7c230\"}},\"textColor\":\"black\",\"fontSize\":\"small\"} --><\/p>\n<p><!-- \/wp:list-item --><\/p>\n<p><!-- \/wp:list --><\/p>\n<p><!-- wp:paragraph --><\/p>\n<p>\u00a0<\/p>\n<p><!-- \/wp:paragraph --><\/p>\t\t\t\t\t\t<\/div>\n\t\t\t\t<\/div>\n\t\t\t\t\t<\/div>\n\t\t<\/div>\n\t\t\t\t\t\t\t<\/div>\n\t\t<\/section>\n\t\t\t\t\t\t\t<\/div>\n\t\t","protected":false},"excerpt":{"rendered":"<p>PROYECTOS DE INVESTIGACI\u00d3N EN EJECUCI\u00d3N PROYECTOS DE INVESTIGACI\u00d3N APROBADOS 2013-2022 \u00a0<\/p>\n","protected":false},"author":1,"featured_media":0,"parent":0,"menu_order":0,"comment_status":"closed","ping_status":"closed","template":"","meta":{"footnotes":""},"class_list":["post-514","page","type-page","status-publish","hentry","post"],"_links":{"self":[{"href":"https:\/\/transparencia.unajma.edu.pe\/index.php?rest_route=\/wp\/v2\/pages\/514","targetHints":{"allow":["GET"]}}],"collection":[{"href":"https:\/\/transparencia.unajma.edu.pe\/index.php?rest_route=\/wp\/v2\/pages"}],"about":[{"href":"https:\/\/transparencia.unajma.edu.pe\/index.php?rest_route=\/wp\/v2\/types\/page"}],"author":[{"embeddable":true,"href":"https:\/\/transparencia.unajma.edu.pe\/index.php?rest_route=\/wp\/v2\/users\/1"}],"replies":[{"embeddable":true,"href":"https:\/\/transparencia.unajma.edu.pe\/index.php?rest_route=%2Fwp%2Fv2%2Fcomments&post=514"}],"version-history":[{"count":10,"href":"https:\/\/transparencia.unajma.edu.pe\/index.php?rest_route=\/wp\/v2\/pages\/514\/revisions"}],"predecessor-version":[{"id":528,"href":"https:\/\/transparencia.unajma.edu.pe\/index.php?rest_route=\/wp\/v2\/pages\/514\/revisions\/528"}],"wp:attachment":[{"href":"https:\/\/transparencia.unajma.edu.pe\/index.php?rest_route=%2Fwp%2Fv2%2Fmedia&parent=514"}],"curies":[{"name":"wp","href":"https:\/\/api.w.org\/{rel}","templated":true}]}}